{"id":18,"date":"2023-10-09T23:24:04","date_gmt":"2023-10-09T21:24:04","guid":{"rendered":"https:\/\/constructor-3d.com\/?page_id=18"},"modified":"2025-02-24T06:38:18","modified_gmt":"2025-02-24T05:38:18","slug":"a-propos-de","status":"publish","type":"page","link":"https:\/\/constructor-3d.com\/index.php\/a-propos-de\/","title":{"rendered":"\u00c0 propos de Constructor-3D"},"content":{"rendered":"\n<p>Fond\u00e9e sur des technologies innovantes, Constructor-3D est bien plus qu&rsquo;une simple entreprise de mod\u00e9lisation 3D. Depuis nos d\u00e9buts, nous avons embrass\u00e9 l&rsquo;avenir tout en restant fermement ancr\u00e9s dans nos valeurs d&rsquo;authenticit\u00e9 et d&rsquo;engagement.<\/p>\n\n\n\n<figure class=\"wp-block-image size-large\"><img loading=\"lazy\" decoding=\"async\" width=\"1024\" height=\"576\" src=\"https:\/\/constructor-3d.com\/wp-content\/uploads\/2023\/10\/AdobeStock_305628436-1-1024x576.jpeg\" alt=\"\" class=\"wp-image-122\" srcset=\"https:\/\/constructor-3d.com\/wp-content\/uploads\/2023\/10\/AdobeStock_305628436-1-1024x576.jpeg 1024w, https:\/\/constructor-3d.com\/wp-content\/uploads\/2023\/10\/AdobeStock_305628436-1-300x169.jpeg 300w, https:\/\/constructor-3d.com\/wp-content\/uploads\/2023\/10\/AdobeStock_305628436-1-768x432.jpeg 768w, https:\/\/constructor-3d.com\/wp-content\/uploads\/2023\/10\/AdobeStock_305628436-1-1536x864.jpeg 1536w, https:\/\/constructor-3d.com\/wp-content\/uploads\/2023\/10\/AdobeStock_305628436-1-2048x1152.jpeg 2048w\" sizes=\"(max-width: 1024px) 100vw, 1024px\" \/><\/figure>\n\n\n\n<p><strong>Notre Histoire<\/strong><\/p>\n\n\n\n<p>Issus du milieu universitaire et de la recherche, notre vision chez Constructor-3D a \u00e9t\u00e9 fa\u00e7onn\u00e9e par un engagement \u00e0 offrir un service innovant et de confiance dans le monde de la 3D. En combinant notre passion pour le travail de qualit\u00e9 \u00e0 une approche centr\u00e9e sur l&rsquo;humain, nous proposons un service adapt\u00e9 \u00e0 nos clients. L\u2019amiti\u00e9 est un contrat spirituel qui ne s\u2019efface jamais.<\/p>\n\n\n\n<p><strong>Technologie Avanc\u00e9e<\/strong><\/p>\n\n\n\n<p>Notre d\u00e9termination \u00e0 rester \u00e0 la pointe de la technologie 3D est in\u00e9branlable. Nous investissons continuellement dans les outils les plus avanc\u00e9s et formons notre \u00e9quipe aux techniques les plus r\u00e9centes, garantissant une qualit\u00e9, une pr\u00e9cision et une esth\u00e9tique exceptionnelles.<\/p>\n\n\n\n<p><strong>Notre Engagement<\/strong><\/p>\n\n\n\n<p>Chaque client est pr\u00e9cieux \u00e0 nos yeux. Nous nous effor\u00e7ons d&rsquo;\u00eatre toujours \u00e0 l&rsquo;\u00e9coute, de r\u00e9pondre \u00e0 vos besoins sp\u00e9cifiques et d&rsquo;assurer une satisfaction totale. Pour Constructor-3D, chaque projet est une opportunit\u00e9 de d\u00e9montrer notre d\u00e9vouement \u00e0 l&rsquo;excellence et notre passion pour la 3D.<\/p>\n","protected":false},"excerpt":{"rendered":"<p>Fond\u00e9e sur des technologies innovantes, Constructor-3D est bien plus qu&rsquo;une simple entreprise de mod\u00e9lisation 3D. Depuis nos d\u00e9buts, nous avons embrass\u00e9 l&rsquo;avenir tout en restant fermement ancr\u00e9s dans nos valeurs d&rsquo;authenticit\u00e9 et d&rsquo;engagement. Notre Histoire Issus du milieu universitaire et de la recherche, notre vision chez Constructor-3D a \u00e9t\u00e9 fa\u00e7onn\u00e9e par un engagement \u00e0 offrir [&hellip;]<\/p>\n","protected":false},"author":1,"featured_media":0,"parent":0,"menu_order":0,"comment_status":"closed","ping_status":"closed","template":"","meta":{"footnotes":""},"_links":{"self":[{"href":"https:\/\/constructor-3d.com\/index.php\/wp-json\/wp\/v2\/pages\/18"}],"collection":[{"href":"https:\/\/constructor-3d.com\/index.php\/wp-json\/wp\/v2\/pages"}],"about":[{"href":"https:\/\/constructor-3d.com\/index.php\/wp-json\/wp\/v2\/types\/page"}],"author":[{"embeddable":true,"href":"https:\/\/constructor-3d.com\/index.php\/wp-json\/wp\/v2\/users\/1"}],"replies":[{"embeddable":true,"href":"https:\/\/constructor-3d.com\/index.php\/wp-json\/wp\/v2\/comments?post=18"}],"version-history":[{"count":6,"href":"https:\/\/constructor-3d.com\/index.php\/wp-json\/wp\/v2\/pages\/18\/revisions"}],"predecessor-version":[{"id":257,"href":"https:\/\/constructor-3d.com\/index.php\/wp-json\/wp\/v2\/pages\/18\/revisions\/257"}],"wp:attachment":[{"href":"https:\/\/constructor-3d.com\/index.php\/wp-json\/wp\/v2\/media?parent=18"}],"curies":[{"name":"wp","href":"https:\/\/api.w.org\/{rel}","templated":true}]}}